{"id":2,"date":"2021-03-31T18:11:39","date_gmt":"2021-03-31T18:11:39","guid":{"rendered":"https:\/\/okopark16.hu\/?page_id=2"},"modified":"2026-02-04T11:42:02","modified_gmt":"2026-02-04T11:42:02","slug":"sample-page","status":"publish","type":"page","link":"https:\/\/okopark16.hu\/","title":{"rendered":"Sample Page"},"content":{"rendered":"<p>[et_pb_section fb_built=&#8221;1&#8243; _builder_version=&#8221;4.16&#8243; global_colors_info=&#8221;{}&#8221;][et_pb_row _builder_version=&#8221;4.16&#8243; _module_preset=&#8221;default&#8221; global_colors_info=&#8221;{}&#8221;][et_pb_column type=&#8221;4_4&#8243; _builder_version=&#8221;4.16&#8243; _module_preset=&#8221;default&#8221; global_colors_info=&#8221;{}&#8221;][et_pb_image src=&#8221;https:\/\/okopark16.hu\/wp-content\/uploads\/2026\/02\/okopark_acc_camera_3.png&#8221; title_text=&#8221;okopark_acc_camera_3&#8243; _builder_version=&#8221;4.27.5&#8243; _module_preset=&#8221;default&#8221; positioning=&#8221;relative&#8221; hover_enabled=&#8221;0&#8243; global_colors_info=&#8221;{}&#8221; sticky_enabled=&#8221;0&#8243;][\/et_pb_image][et_pb_text _builder_version=&#8221;4.16&#8243; _module_preset=&#8221;default&#8221; positioning=&#8221;absolute&#8221; vertical_offset=&#8221;25px&#8221; horizontal_offset=&#8221;32px&#8221; width=&#8221;100%&#8221; header_text_shadow_style=&#8221;preset2&#8243; global_colors_info=&#8221;{}&#8221;]<\/p>\n<h1><span style=\"color: #ffffff;\">B\u00f6k\u00e9nyf\u00f6ldi \u00fat 129<\/span><\/h1>\n<p>[\/et_pb_text][\/et_pb_column][\/et_pb_row][et_pb_row _builder_version=&#8221;4.16&#8243; _module_preset=&#8221;default&#8221; global_colors_info=&#8221;{}&#8221;][et_pb_column type=&#8221;4_4&#8243; _builder_version=&#8221;4.16&#8243; _module_preset=&#8221;default&#8221; global_colors_info=&#8221;{}&#8221;][et_pb_text admin_label=&#8221;Text&#8221; _builder_version=&#8221;4.27.4&#8243; _module_preset=&#8221;default&#8221; custom_padding=&#8221;2px|||||&#8221; global_colors_info=&#8221;{}&#8221;]<\/p>\n<h2 style=\"text-align: center;\"><strong>Elad\u00f3 fejleszt\u00e9si telek a XVI. ker\u00fcletben \u2013 \u00c9rv\u00e9nyes \u00e9p\u00edt\u00e9si enged\u00e9lyekkel!<\/strong><\/h2>\n<h2 style=\"text-align: center;\">25600 m\u00b2-es ipari telek elad\u00f3 Budapest XVI. ker\u00fclet\u00e9ben, kiv\u00e1l\u00f3 logisztikai elhelyezked\u00e9ssel, az M0-s aut\u00f3\u00fat k\u00f6zel\u00e9ben.<\/h2>\n<h4 style=\"text-align: center;\">Ak\u00e1r \u00f6n\u00e1ll\u00f3 fejleszt\u00e9sben, ak\u00e1r kulcsrak\u00e9sz csarnok form\u00e1j\u00e1ban gondolkodik, az \u00e9rv\u00e9nyes enged\u00e9lyekkel a fejleszt\u00e9s ak\u00e1r azonnal indulhat \u2013 ezzel ak\u00e1r m\u00e1sf\u00e9l \u00e9ves el\u0151nybe ker\u00fclhet a versenyt\u00e1rsakhoz k\u00e9pest.<br \/>Ide\u00e1lis v\u00e1laszt\u00e1s logisztikai k\u00f6zpont, telephely, rakt\u00e1r vagy bemutat\u00f3terem c\u00e9lj\u00e1ra.<br \/>Kiv\u00e1l\u00f3 v\u00e1laszt\u00e1s saj\u00e1t fejleszt\u00e9sre vagy befektet\u00e9sre.<\/h4>\n<p>&nbsp;<\/p>\n<p>[\/et_pb_text][\/et_pb_column][\/et_pb_row][et_pb_row column_structure=&#8221;1_2,1_2&#8243; _builder_version=&#8221;4.16&#8243; _module_preset=&#8221;default&#8221; global_colors_info=&#8221;{}&#8221;][et_pb_column type=&#8221;1_2&#8243; _builder_version=&#8221;4.16&#8243; _module_preset=&#8221;default&#8221; global_colors_info=&#8221;{}&#8221;][et_pb_text _builder_version=&#8221;4.16&#8243; _module_preset=&#8221;default&#8221; global_colors_info=&#8221;{}&#8221;]<\/p>\n<p>A tervez\u00e9s sor\u00e1n, egy t\u00e1gas, modern \u00e9p\u00fcletet tervezt\u00fcnk, elt\u00e9r\u0151 m\u0171szaki ig\u00e9nyeknek megfelel\u0151 albet\u00e9tekre bontva. A leend\u0151 tulajdonos 576nm &#8211; 5760nm nagys\u00e1g\u00fa egys\u00e9gek k\u00f6z\u00fcl tud v\u00e1lasztani saj\u00e1t ig\u00e9nyeire szabva.<\/p>\n<p>Kiv\u00e1l\u00f3 logisztikai hely. A k\u00f6rny\u00e9k ipari \u00f6vezet, t\u00f6bb c\u00e9g gy\u00e1ra, rakt\u00e1r b\u00e1zisa tal\u00e1lhat\u00f3 a k\u00f6zvetlen k\u00f6zel\u00e9ben.<strong> Kamionnal enged\u00e9ly n\u00e9lk\u00fcl megk\u00f6zel\u00edthet\u0151!<\/strong><\/p>\n<p>Az \u00e9p\u00fcletre jellemz\u0151 param\u00e9terek: 20 cm-es ipari padl\u00f3 <strong>5t\/nm teherb\u00edr\u00e1s<\/strong> , 12 cm-es PIR szendvicspanel fal \u00e9s tet\u0151, m\u0171anyag, h\u0151szigetelt ny\u00edl\u00e1sz\u00e1r\u00f3k, motoros, <strong>t\u00e1vir\u00e1ny\u00edthat\u00f3 ipari kapuk<\/strong>, minden egys\u00e9g \u00f6n\u00e1ll\u00f3 t\u0171zszakasz. Oldalmagass\u00e1g: 7\u00a0m\u00e9ter, gerincmagass\u00e1g: 9,30 m\u00e9ter.. Nyerges vontat\u00f3val is teljesen k\u00f6rbej\u00e1rhat\u00f3! &#8211; <strong>40t teherb\u00edr\u00e1s\u00fa saj\u00e1t \u00fath\u00e1l\u00f3zat<\/strong>, zavartalan kamionforgalom.<\/p>\n<p>Minden \u00e9p\u00fcletr\u00e9sznek <strong>saj\u00e1t parkol\u00f3ja<\/strong> van, ig\u00e9ny eset\u00e9n dokkol\u00f3val, a csarnokr\u00e9sz sz\u00e9less\u00e9g\u00e9ben illetve plusz g\u00e9pkocsiparkol\u00f3 v\u00e1s\u00e1rolhat\u00f3.<\/p>\n<p>K\u00f6zm\u0171vek: iv\u00f3v\u00edz \u2013 <strong>\u00f6ko szennyv\u00edzkezel\u00e9s<\/strong> \u2013, ipari \u00e1ram \u20133 x 32 A mely ig\u00e9ny eset\u00e9n b\u0151v\u00edthet\u0151, telekommunik\u00e1ci\u00f3, es\u0151v\u00edz csatorna. Tov\u00e1bb\u00e1 lehet\u0151s\u00e9g van napelemes rendszer ki\u00e9p\u00edt\u00e9s\u00e9re is.<\/p>\n<p><strong>Saj\u00e1t m\u00e9r\u0151\u00f3r\u00e1k<\/strong> tartoznak az egys\u00e9gekhez<\/p>\n<p>\u00d6vezeti besorol\u00e1s: munkahelyi, illetve <strong>telephely enged\u00e9ly<\/strong> k\u00e9rhet\u0151!\u00a0<\/p>\n<p>&nbsp;<\/p>\n<p>[\/et_pb_text][\/et_pb_column][et_pb_column type=&#8221;1_2&#8243; _builder_version=&#8221;4.16&#8243; _module_preset=&#8221;default&#8221; global_colors_info=&#8221;{}&#8221;][et_pb_image src=&#8221;https:\/\/okopark16.hu\/wp-content\/uploads\/2021\/04\/14.jpg&#8221; title_text=&#8221;14&#8243; _builder_version=&#8221;4.16&#8243; _module_preset=&#8221;default&#8221; global_colors_info=&#8221;{}&#8221;][\/et_pb_image][et_pb_image src=&#8221;https:\/\/okopark16.hu\/wp-content\/uploads\/2021\/04\/15.jpg&#8221; title_text=&#8221;15&#8243; _builder_version=&#8221;4.16&#8243; _module_preset=&#8221;default&#8221; global_colors_info=&#8221;{}&#8221;][\/et_pb_image][\/et_pb_column][\/et_pb_row][et_pb_row _builder_version=&#8221;4.16&#8243; _module_preset=&#8221;default&#8221; global_colors_info=&#8221;{}&#8221;][et_pb_column type=&#8221;4_4&#8243; _builder_version=&#8221;4.16&#8243; _module_preset=&#8221;default&#8221; global_colors_info=&#8221;{}&#8221;][et_pb_text admin_label=&#8221;Text&#8221; _builder_version=&#8221;4.27.4&#8243; _module_preset=&#8221;default&#8221; custom_padding=&#8221;2px|||||&#8221; global_colors_info=&#8221;{}&#8221;]<\/p>\n<h2 style=\"text-align: center;\"><strong>\u00daj \u00e9p\u00edt\u00e9s\u0171, korszer\u0171 t\u00f6bbc\u00e9l\u00fa ipari csarnok a XVI. ker\u00fcletben \u2013 T\u00f6k\u00e9letes megold\u00e1s rakt\u00e1r, telephely vagy bemutat\u00f3terem c\u00e9lj\u00e1ra!<\/strong><\/h2>\n<h4 style=\"text-align: center;\">A megl\u00e9v\u0151 tervek alapj\u00e1n a telek be\u00e9p\u00edthet\u0151 korszer\u0171, t\u00f6bb albet\u00e9tes ipari csarnokkal, amely tetsz\u0151legesen testreszabhat\u00f3 1152 m\u00b2-t\u0151l ak\u00e1r 8000 m\u00b2-ig.\u2028A projekt azonnal ind\u00edthat\u00f3, minden sz\u00fcks\u00e9ges enged\u00e9ly rendelkez\u00e9sre \u00e1ll!<\/h4>\n<p>[\/et_pb_text][\/et_pb_column][\/et_pb_row][et_pb_row column_structure=&#8221;1_2,1_2&#8243; module_id=&#8221;kapcsolat&#8221; _builder_version=&#8221;4.16&#8243; _module_preset=&#8221;default&#8221; global_colors_info=&#8221;{}&#8221;][et_pb_column type=&#8221;1_2&#8243; _builder_version=&#8221;4.16&#8243; _module_preset=&#8221;default&#8221; global_colors_info=&#8221;{}&#8221;][et_pb_pricing_tables featured_table_price_color=&#8221;#9acd32&#8243; _builder_version=&#8221;4.16&#8243; _module_preset=&#8221;default&#8221; price_font=&#8221;|700|||||||&#8221; custom_padding=&#8221;0px|||||&#8221; global_colors_info=&#8221;{}&#8221;][et_pb_pricing_table featured=&#8221;on&#8221; title=&#8221;\u00d6kopark 16&#8243; bullet_color=&#8221;#9acd32&#8243; header_background_color=&#8221;#9acd32&#8243; _builder_version=&#8221;4.27.4&#8243; _module_preset=&#8221;default&#8221; global_colors_info=&#8221;{}&#8221; sticky_transition=&#8221;on&#8221;]<\/p>\n<p>20 cm ipari padl\u00f3, 8 t\/m\u00b2 teherb\u00edr\u00e1ssal<br \/>PIR szendvicspanel falazat \u00e9s tet\u0151 (12 cm)<br \/>7 m oldalmagass\u00e1g, 9,3 m gerincmagass\u00e1g<br \/>Motoros ipari kapuk, h\u0151szigetelt ny\u00edl\u00e1sz\u00e1r\u00f3k<br \/>Minden egys\u00e9g \u00f6n\u00e1ll\u00f3 t\u0171zszakasz<br \/>K\u00f6rbej\u00e1rhat\u00f3 nyerges vontat\u00f3val, 40 tonn\u00e1s bels\u0151 \u00fath\u00e1l\u00f3zat<br \/>Saj\u00e1t parkol\u00f3k, opcion\u00e1lis dokkol\u00f3k<br \/>Teljes k\u00f6zm\u0171: iv\u00f3v\u00edz, \u00f6ko szennyv\u00edz, ipari \u00e1ram (3x32A), telekommunik\u00e1ci\u00f3, es\u0151v\u00edz elvezet\u00e9s<br \/>Napelemrendszer ki\u00e9p\u00edt\u00e9s\u00e9nek lehet\u0151s\u00e9ge<br \/>K\u00fcl\u00f6n m\u00e9r\u0151\u00f3r\u00e1k egys\u00e9genk\u00e9nt<\/p>\n<p>[\/et_pb_pricing_table][\/et_pb_pricing_tables][et_pb_text _builder_version=&#8221;4.16&#8243; _module_preset=&#8221;default&#8221; global_colors_info=&#8221;{}&#8221;][\/et_pb_text][\/et_pb_column][et_pb_column type=&#8221;1_2&#8243; _builder_version=&#8221;4.16&#8243; _module_preset=&#8221;default&#8221; global_colors_info=&#8221;{}&#8221;][et_pb_contact_form captcha=&#8221;off&#8221; title=&#8221;\u00c9rdekl\u0151dj\u00f6n a m\u00e9g szabad kapac\u00edt\u00e1sokr\u00f3l&#8221; success_message=&#8221;\u00dczenet\u00e9t k\u00f6sz\u00f6nj\u00fck, hamarossan felvessz\u00fck \u00d6nnel a kapcsolatot. &#8221; submit_button_text=&#8221;Elk\u00fcld&#8221; _builder_version=&#8221;4.16&#8243; _module_preset=&#8221;default&#8221; _unique_id=&#8221;f06fc361-2241-45df-a722-b58243a7189e&#8221; title_font=&#8221;|800|||||||&#8221; title_text_align=&#8221;center&#8221; title_text_color=&#8221;#9acd32&#8243; custom_button=&#8221;on&#8221; button_text_color=&#8221;#9acd32&#8243; button_border_color=&#8221;#9acd32&#8243; global_colors_info=&#8221;{}&#8221;][et_pb_contact_field field_id=&#8221;Name&#8221; field_title=&#8221;N\u00e9v&#8221; _builder_version=&#8221;4.16&#8243; global_colors_info=&#8221;{}&#8221; button_text_size__hover_enabled=&#8221;off&#8221; button_one_text_size__hover_enabled=&#8221;off&#8221; button_two_text_size__hover_enabled=&#8221;off&#8221; button_text_color__hover_enabled=&#8221;off&#8221; button_one_text_color__hover_enabled=&#8221;off&#8221; button_two_text_color__hover_enabled=&#8221;off&#8221; button_border_width__hover_enabled=&#8221;off&#8221; button_one_border_width__hover_enabled=&#8221;off&#8221; button_two_border_width__hover_enabled=&#8221;off&#8221; button_border_color__hover_enabled=&#8221;off&#8221; button_one_border_color__hover_enabled=&#8221;off&#8221; button_two_border_color__hover_enabled=&#8221;off&#8221; button_border_radius__hover_enabled=&#8221;off&#8221; button_one_border_radius__hover_enabled=&#8221;off&#8221; button_two_border_radius__hover_enabled=&#8221;off&#8221; button_letter_spacing__hover_enabled=&#8221;off&#8221; button_one_letter_spacing__hover_enabled=&#8221;off&#8221; button_two_letter_spacing__hover_enabled=&#8221;off&#8221; button_bg_color__hover_enabled=&#8221;off&#8221; button_one_bg_color__hover_enabled=&#8221;off&#8221; button_two_bg_color__hover_enabled=&#8221;off&#8221;][\/et_pb_contact_field][et_pb_contact_field field_id=&#8221;Email&#8221; field_title=&#8221;Email&#8221; field_type=&#8221;email&#8221; _builder_version=&#8221;4.16&#8243; global_colors_info=&#8221;{}&#8221; button_text_size__hover_enabled=&#8221;off&#8221; button_one_text_size__hover_enabled=&#8221;off&#8221; button_two_text_size__hover_enabled=&#8221;off&#8221; button_text_color__hover_enabled=&#8221;off&#8221; button_one_text_color__hover_enabled=&#8221;off&#8221; button_two_text_color__hover_enabled=&#8221;off&#8221; button_border_width__hover_enabled=&#8221;off&#8221; button_one_border_width__hover_enabled=&#8221;off&#8221; button_two_border_width__hover_enabled=&#8221;off&#8221; button_border_color__hover_enabled=&#8221;off&#8221; button_one_border_color__hover_enabled=&#8221;off&#8221; button_two_border_color__hover_enabled=&#8221;off&#8221; button_border_radius__hover_enabled=&#8221;off&#8221; button_one_border_radius__hover_enabled=&#8221;off&#8221; button_two_border_radius__hover_enabled=&#8221;off&#8221; button_letter_spacing__hover_enabled=&#8221;off&#8221; button_one_letter_spacing__hover_enabled=&#8221;off&#8221; button_two_letter_spacing__hover_enabled=&#8221;off&#8221; button_bg_color__hover_enabled=&#8221;off&#8221; button_one_bg_color__hover_enabled=&#8221;off&#8221; button_two_bg_color__hover_enabled=&#8221;off&#8221;][\/et_pb_contact_field][et_pb_contact_field field_id=&#8221;Message&#8221; field_title=&#8221;\u00dczenet&#8221; field_type=&#8221;text&#8221; fullwidth_field=&#8221;on&#8221; _builder_version=&#8221;4.16&#8243; global_colors_info=&#8221;{}&#8221; button_text_size__hover_enabled=&#8221;off&#8221; button_one_text_size__hover_enabled=&#8221;off&#8221; button_two_text_size__hover_enabled=&#8221;off&#8221; button_text_color__hover_enabled=&#8221;off&#8221; button_one_text_color__hover_enabled=&#8221;off&#8221; button_two_text_color__hover_enabled=&#8221;off&#8221; button_border_width__hover_enabled=&#8221;off&#8221; button_one_border_width__hover_enabled=&#8221;off&#8221; button_two_border_width__hover_enabled=&#8221;off&#8221; button_border_color__hover_enabled=&#8221;off&#8221; button_one_border_color__hover_enabled=&#8221;off&#8221; button_two_border_color__hover_enabled=&#8221;off&#8221; button_border_radius__hover_enabled=&#8221;off&#8221; button_one_border_radius__hover_enabled=&#8221;off&#8221; button_two_border_radius__hover_enabled=&#8221;off&#8221; button_letter_spacing__hover_enabled=&#8221;off&#8221; button_one_letter_spacing__hover_enabled=&#8221;off&#8221; button_two_letter_spacing__hover_enabled=&#8221;off&#8221; button_bg_color__hover_enabled=&#8221;off&#8221; button_one_bg_color__hover_enabled=&#8221;off&#8221; button_two_bg_color__hover_enabled=&#8221;off&#8221;][\/et_pb_contact_field][\/et_pb_contact_form][et_pb_text _builder_version=&#8221;4.16&#8243; _module_preset=&#8221;default&#8221; global_colors_info=&#8221;{}&#8221;]<\/p>\n<h3 style=\"text-align: center;\"><strong><span style=\"color: #9acd32;\">B\u0151vebb inform\u00e1ci\u00f3k<\/span><\/strong><\/h3>\n<p style=\"text-align: center;\"><strong>Torjai G\u00e1bor<\/strong><br \/>gabor.torjai@nerosolution.com<br \/>+36 20 260 6996<\/p>\n<p>[\/et_pb_text][\/et_pb_column][\/et_pb_row][et_pb_row _builder_version=&#8221;4.16&#8243; _module_preset=&#8221;default&#8221; global_colors_info=&#8221;{}&#8221;][et_pb_column type=&#8221;4_4&#8243; _builder_version=&#8221;4.16&#8243; _module_preset=&#8221;default&#8221; global_colors_info=&#8221;{}&#8221;][et_pb_text _builder_version=&#8221;4.16&#8243; _module_preset=&#8221;default&#8221; header_text_color=&#8221;#9acd32&#8243; global_colors_info=&#8221;{}&#8221;]<\/p>\n<h1 style=\"text-align: center;\"><strong>Helyszin rajz<\/strong><\/h1>\n<p>[\/et_pb_text][\/et_pb_column][\/et_pb_row][et_pb_row _builder_version=&#8221;4.16&#8243; _module_preset=&#8221;default&#8221; global_colors_info=&#8221;{}&#8221;][et_pb_column type=&#8221;4_4&#8243; _builder_version=&#8221;4.16&#8243; _module_preset=&#8221;default&#8221; global_colors_info=&#8221;{}&#8221;][et_pb_image src=&#8221;https:\/\/okopark16.hu\/wp-content\/uploads\/2022\/09\/02helyszinrajz.png&#8221; title_text=&#8221;02helyszinrajz&#8221; _builder_version=&#8221;4.16&#8243; _module_preset=&#8221;default&#8221; global_colors_info=&#8221;{}&#8221;][\/et_pb_image][\/et_pb_column][\/et_pb_row][\/et_pb_section]<\/p>\n","protected":false},"excerpt":{"rendered":"<p>B\u00f6k\u00e9nyf\u00f6ldi \u00fat 129Elad\u00f3 fejleszt\u00e9si telek a XVI. ker\u00fcletben \u2013 \u00c9rv\u00e9nyes \u00e9p\u00edt\u00e9si enged\u00e9lyekkel! 25600 m\u00b2-es ipari telek elad\u00f3 Budapest XVI. ker\u00fclet\u00e9ben, kiv\u00e1l\u00f3 logisztikai elhelyezked\u00e9ssel, az M0-s aut\u00f3\u00fat k\u00f6zel\u00e9ben. Ak\u00e1r \u00f6n\u00e1ll\u00f3 fejleszt\u00e9sben, ak\u00e1r kulcsrak\u00e9sz csarnok form\u00e1j\u00e1ban gondolkodik, az \u00e9rv\u00e9nyes enged\u00e9lyekkel a fejleszt\u00e9s ak\u00e1r azonnal indulhat \u2013 ezzel ak\u00e1r m\u00e1sf\u00e9l \u00e9ves el\u0151nybe ker\u00fclhet a versenyt\u00e1rsakhoz k\u00e9pest.Ide\u00e1lis v\u00e1laszt\u00e1s logisztikai [&hellip;]<\/p>\n","protected":false},"author":1,"featured_media":0,"parent":0,"menu_order":0,"comment_status":"closed","ping_status":"open","template":"","meta":{"_et_pb_use_builder":"on","_et_pb_old_content":"<!-- wp:paragraph -->\n<p>This is an example page. It's different from a blog post because it will stay in one place and will show up in your site navigation (in most themes). Most people start with an About page that introduces them to potential site visitors. It might say something like this:<\/p>\n<!-- \/wp:paragraph -->\n\n<!-- wp:quote -->\n<blockquote class=\"wp-block-quote\"><p>Hi there! I'm a bike messenger by day, aspiring actor by night, and this is my website. I live in Los Angeles, have a great dog named Jack, and I like pi\u00f1a coladas. (And gettin' caught in the rain.)<\/p><\/blockquote>\n<!-- \/wp:quote -->\n\n<!-- wp:paragraph -->\n<p>...or something like this:<\/p>\n<!-- \/wp:paragraph -->\n\n<!-- wp:quote -->\n<blockquote class=\"wp-block-quote\"><p>The XYZ Doohickey Company was founded in 1971, and has been providing quality doohickeys to the public ever since. Located in Gotham City, XYZ employs over 2,000 people and does all kinds of awesome things for the Gotham community.<\/p><\/blockquote>\n<!-- \/wp:quote -->\n\n<!-- wp:paragraph -->\n<p>As a new WordPress user, you should go to <a href=\"https:\/\/okopark16.hu\/wp-admin\/\">your dashboard<\/a> to delete this page and create new pages for your content. Have fun!<\/p>\n<!-- \/wp:paragraph -->","_et_gb_content_width":"1080","footnotes":""},"class_list":["post-2","page","type-page","status-publish","hentry"],"_links":{"self":[{"href":"https:\/\/okopark16.hu\/index.php?rest_route=\/wp\/v2\/pages\/2","targetHints":{"allow":["GET"]}}],"collection":[{"href":"https:\/\/okopark16.hu\/index.php?rest_route=\/wp\/v2\/pages"}],"about":[{"href":"https:\/\/okopark16.hu\/index.php?rest_route=\/wp\/v2\/types\/page"}],"author":[{"embeddable":true,"href":"https:\/\/okopark16.hu\/index.php?rest_route=\/wp\/v2\/users\/1"}],"replies":[{"embeddable":true,"href":"https:\/\/okopark16.hu\/index.php?rest_route=%2Fwp%2Fv2%2Fcomments&post=2"}],"version-history":[{"count":31,"href":"https:\/\/okopark16.hu\/index.php?rest_route=\/wp\/v2\/pages\/2\/revisions"}],"predecessor-version":[{"id":118,"href":"https:\/\/okopark16.hu\/index.php?rest_route=\/wp\/v2\/pages\/2\/revisions\/118"}],"wp:attachment":[{"href":"https:\/\/okopark16.hu\/index.php?rest_route=%2Fwp%2Fv2%2Fmedia&parent=2"}],"curies":[{"name":"wp","href":"https:\/\/api.w.org\/{rel}","templated":true}]}}